{"id":28092,"date":"2024-04-29T17:48:55","date_gmt":"2024-04-29T09:48:55","guid":{"rendered":"https:\/\/taizyfoodmachinery.com\/?page_id=28092"},"modified":"2024-04-29T18:23:28","modified_gmt":"2024-04-29T10:23:28","slug":"contactus","status":"publish","type":"page","link":"https:\/\/taizyfoodmachinery.com\/es\/contactus\/","title":{"rendered":"Cont\u00e1ctenos"},"content":{"rendered":"<style>.kb-row-layout-id28092_6bb6b4-7d > .kt-row-column-wrap{align-content:center;}:where(.kb-row-layout-id28092_6bb6b4-7d > .kt-row-column-wrap) > .wp-block-kadence-column{justify-content:center;}.kb-row-layout-id28092_6bb6b4-7d > .kt-row-column-wrap{column-gap:var(--global-kb-gap-md, 2rem);row-gap:var(--global-kb-gap-md, 2rem);max-width:var( --global-content-width, 1440px );padding-left:var(--global-content-edge-padding);padding-right:var(--global-content-edge-padding);padding-top:var(--global-kb-spacing-xxl, 5rem);padding-bottom:var(--global-kb-spacing-xxl, 5rem);grid-template-columns:minmax(0, calc(50% - ((var(--global-kb-gap-md, 2rem) * 1 )\/2)))minmax(0, calc(50% - ((var(--global-kb-gap-md, 2rem) * 1 )\/2)));}.kb-row-layout-id28092_6bb6b4-7d{background-image:url('https:\/\/taizyfoodmachinery.com\/wp-content\/uploads\/2024\/04\/fruit-and-vegetable-processing-line.jpg');background-size:cover;background-position:center center;background-attachment:scroll;background-repeat:no-repeat;}.kb-row-layout-id28092_6bb6b4-7d > .kt-row-layout-overlay{opacity:0.95;background-color:#ffffff;}@media all and (max-width: 1024px){.kb-row-layout-id28092_6bb6b4-7d > .kt-row-column-wrap{grid-template-columns:minmax(0, 1fr);}}@media all and (max-width: 1024px){.kb-row-layout-id28092_6bb6b4-7d > .kt-row-layout-overlay{opacity:1;background:linear-gradient(180deg,var(--global-palette8,#F7FAFC) 53%,rgba(247,250,252,0) 100%);}}@media all and (max-width: 767px){.kb-row-layout-id28092_6bb6b4-7d > .kt-row-column-wrap{grid-template-columns:minmax(0, 1fr);}}<\/style><div class=\"kb-row-layout-wrap kb-row-layout-id28092_6bb6b4-7d alignfull kt-row-has-bg wp-block-kadence-rowlayout\"><div class=\"kt-row-layout-overlay kt-row-overlay-normal\"><\/div><div class=\"kt-row-column-wrap kt-has-2-columns kt-row-layout-equal kt-tab-layout-row kt-mobile-layout-row kt-row-valign-middle kb-theme-content-width\">\n<style>.kadence-column28092_f0a26d-f2 > .kt-inside-inner-col,.kadence-column28092_f0a26d-f2 > .kt-inside-inner-col:before{border-top-left-radius:0px;border-top-right-radius:0px;border-bottom-right-radius:0px;border-bottom-left-radius:0px;}.kadence-column28092_f0a26d-f2 > .kt-inside-inner-col{column-gap:var(--global-kb-gap-sm, 1rem);}.kadence-column28092_f0a26d-f2 > .kt-inside-inner-col{flex-direction:column;}.kadence-column28092_f0a26d-f2 > .kt-inside-inner-col > .aligncenter{width:100%;}.kadence-column28092_f0a26d-f2 > .kt-inside-inner-col:before{opacity:0.3;}.kadence-column28092_f0a26d-f2{position:relative;}@media all and (max-width: 1024px){.kadence-column28092_f0a26d-f2{text-align:center;}}@media all and (max-width: 1024px){.kadence-column28092_f0a26d-f2 > .kt-inside-inner-col{flex-direction:column;justify-content:center;}}@media all and (max-width: 767px){.kadence-column28092_f0a26d-f2 > .kt-inside-inner-col{flex-direction:column;justify-content:center;}}<\/style>\n<div class=\"wp-block-kadence-column kadence-column28092_f0a26d-f2 kb-section-dir-vertical inner-column-1\"><div class=\"kt-inside-inner-col\"><style>.wp-block-kadence-advancedheading.kt-adv-heading28092_3490ab-f5, .wp-block-kadence-advancedheading.kt-adv-heading28092_3490ab-f5[data-kb-block=\"kb-adv-heading28092_3490ab-f5\"]{display:block;margin-bottom:var(--global-kb-spacing-xs, 1rem);font-style:normal;text-transform:uppercase;}.wp-block-kadence-advancedheading.kt-adv-heading28092_3490ab-f5 mark.kt-highlight, .wp-block-kadence-advancedheading.kt-adv-heading28092_3490ab-f5[data-kb-block=\"kb-adv-heading28092_3490ab-f5\"] mark.kt-highlight{font-style:normal;color:#f76a0c;-webkit-box-decoration-break:clone;box-decoration-break:clone;padding-top:0px;padding-right:0px;padding-bottom:0px;padding-left:0px;}.wp-block-kadence-advancedheading.kt-adv-heading28092_3490ab-f5 img.kb-inline-image, .wp-block-kadence-advancedheading.kt-adv-heading28092_3490ab-f5[data-kb-block=\"kb-adv-heading28092_3490ab-f5\"] img.kb-inline-image{width:150px;vertical-align:baseline;}<\/style>\n<span class=\"kt-adv-heading28092_3490ab-f5 wp-block-kadence-advancedheading has-theme-palette-1-color has-text-color\" data-kb-block=\"kb-adv-heading28092_3490ab-f5\">CONTACT US<\/span>\n\n\n<style>.wp-block-kadence-advancedheading.kt-adv-heading28092_d1e50e-d5, .wp-block-kadence-advancedheading.kt-adv-heading28092_d1e50e-d5[data-kb-block=\"kb-adv-heading28092_d1e50e-d5\"]{margin-top:0px;margin-bottom:var(--global-kb-spacing-lg, 3rem);font-size:var(--global-kb-font-size-xl, 3rem);line-height:1.2;font-style:normal;text-transform:capitalize;}.wp-block-kadence-advancedheading.kt-adv-heading28092_d1e50e-d5 mark.kt-highlight, .wp-block-kadence-advancedheading.kt-adv-heading28092_d1e50e-d5[data-kb-block=\"kb-adv-heading28092_d1e50e-d5\"] mark.kt-highlight{font-style:normal;color:#f76a0c;-webkit-box-decoration-break:clone;box-decoration-break:clone;padding-top:0px;padding-right:0px;padding-bottom:0px;padding-left:0px;}.wp-block-kadence-advancedheading.kt-adv-heading28092_d1e50e-d5 img.kb-inline-image, .wp-block-kadence-advancedheading.kt-adv-heading28092_d1e50e-d5[data-kb-block=\"kb-adv-heading28092_d1e50e-d5\"] img.kb-inline-image{width:150px;vertical-align:baseline;}@media all and (max-width: 1024px){.wp-block-kadence-advancedheading.kt-adv-heading28092_d1e50e-d5, .wp-block-kadence-advancedheading.kt-adv-heading28092_d1e50e-d5[data-kb-block=\"kb-adv-heading28092_d1e50e-d5\"]{text-align:center!important;}}<\/style>\n<h1 class=\"kt-adv-heading28092_d1e50e-d5 wp-block-kadence-advancedheading has-theme-palette-3-color has-text-color\" data-kb-block=\"kb-adv-heading28092_d1e50e-d5\">We are always on call<\/h1>\n\n\n<style>.wp-block-kadence-advancedheading.kt-adv-heading28092_200d11-e4, .wp-block-kadence-advancedheading.kt-adv-heading28092_200d11-e4[data-kb-block=\"kb-adv-heading28092_200d11-e4\"]{font-style:normal;}.wp-block-kadence-advancedheading.kt-adv-heading28092_200d11-e4 mark.kt-highlight, .wp-block-kadence-advancedheading.kt-adv-heading28092_200d11-e4[data-kb-block=\"kb-adv-heading28092_200d11-e4\"] mark.kt-highlight{font-style:normal;color:#f76a0c;-webkit-box-decoration-break:clone;box-decoration-break:clone;padding-top:0px;padding-right:0px;padding-bottom:0px;padding-left:0px;}.wp-block-kadence-advancedheading.kt-adv-heading28092_200d11-e4 img.kb-inline-image, .wp-block-kadence-advancedheading.kt-adv-heading28092_200d11-e4[data-kb-block=\"kb-adv-heading28092_200d11-e4\"] img.kb-inline-image{width:150px;vertical-align:baseline;}@media all and (max-width: 1024px){.wp-block-kadence-advancedheading.kt-adv-heading28092_200d11-e4, .wp-block-kadence-advancedheading.kt-adv-heading28092_200d11-e4[data-kb-block=\"kb-adv-heading28092_200d11-e4\"]{text-align:center!important;}}<\/style>\n<p class=\"kt-adv-heading28092_200d11-e4 wp-block-kadence-advancedheading has-theme-palette-4-color has-text-color\" data-kb-block=\"kb-adv-heading28092_200d11-e4\">Whether your question is about pre-sales or after-sales or consultation and cooperation, you can contact us at any time and our customer service team will respond within 24 hours.<\/p>\n\n\n\n<p>People from all walks of life are welcome to visit and inspect. <\/p>\n\n\n\n<p>Our address \uff1a<\/p>\n\n\n\n<p> Floor 6, Building 1, Zhengshang Jingkai Building, Jingkai Zone, Zhengzhou City, Henan Province, China.<\/p>\n<\/div><\/div>\n\n\n<style>.kadence-column28092_9d05f9-e4 > .kt-inside-inner-col,.kadence-column28092_9d05f9-e4 > .kt-inside-inner-col:before{border-top-left-radius:0px;border-top-right-radius:0px;border-bottom-right-radius:0px;border-bottom-left-radius:0px;}.kadence-column28092_9d05f9-e4 > .kt-inside-inner-col{column-gap:var(--global-kb-gap-sm, 1rem);}.kadence-column28092_9d05f9-e4 > .kt-inside-inner-col{flex-direction:column;}.kadence-column28092_9d05f9-e4 > .kt-inside-inner-col > .aligncenter{width:100%;}.kadence-column28092_9d05f9-e4 > .kt-inside-inner-col:before{opacity:0.3;}.kadence-column28092_9d05f9-e4{position:relative;}@media all and (max-width: 1024px){.kadence-column28092_9d05f9-e4 > .kt-inside-inner-col{flex-direction:column;justify-content:center;}}@media all and (max-width: 767px){.kadence-column28092_9d05f9-e4 > .kt-inside-inner-col{flex-direction:column;justify-content:center;}}<\/style>\n<div class=\"wp-block-kadence-column kadence-column28092_9d05f9-e4 kvs-md-false kvs-sm-false inner-column-2\"><div class=\"kt-inside-inner-col\"><\/div><\/div>\n\n<\/div><\/div>\n\n<style>.kb-row-layout-id28092_35845f-46 > .kt-row-column-wrap{align-content:start;}:where(.kb-row-layout-id28092_35845f-46 > .kt-row-column-wrap) > .wp-block-kadence-column{justify-content:start;}.kb-row-layout-id28092_35845f-46 > .kt-row-column-wrap{column-gap:var(--global-kb-gap-none, 0rem );row-gap:var(--global-kb-gap-md, 2rem);padding-top:0px;padding-right:0px;padding-bottom:0px;padding-left:0px;grid-template-columns:minmax(0, 1fr);}.kb-row-layout-id28092_35845f-46 > .kt-row-layout-overlay{opacity:0.30;}@media all and (max-width: 1024px){.kb-row-layout-id28092_35845f-46 > .kt-row-column-wrap{padding-top:var(--global-kb-spacing-xl, 4rem);padding-bottom:var(--global-kb-spacing-xl, 4rem);grid-template-columns:minmax(0, 1fr);}}@media all and (max-width: 767px){.kb-row-layout-id28092_35845f-46 > .kt-row-column-wrap{grid-template-columns:minmax(0, 1fr);}}<\/style><div class=\"kb-row-layout-wrap kb-row-layout-id28092_35845f-46 alignfull wp-block-kadence-rowlayout\"><div class=\"kt-row-column-wrap kt-has-1-columns kt-row-layout-equal kt-tab-layout-inherit kt-mobile-layout-row kt-row-valign-top\">\n<style>.kadence-column28092_499fb2-8e > .kt-inside-inner-col,.kadence-column28092_499fb2-8e > .kt-inside-inner-col:before{border-top-left-radius:0px;border-top-right-radius:0px;border-bottom-right-radius:0px;border-bottom-left-radius:0px;}.kadence-column28092_499fb2-8e > .kt-inside-inner-col{column-gap:var(--global-kb-gap-sm, 1rem);}.kadence-column28092_499fb2-8e > .kt-inside-inner-col{flex-direction:column;}.kadence-column28092_499fb2-8e > .kt-inside-inner-col > .aligncenter{width:100%;}.kadence-column28092_499fb2-8e > .kt-inside-inner-col:before{opacity:0.3;}.kadence-column28092_499fb2-8e{position:relative;}.kadence-column28092_499fb2-8e, .kt-inside-inner-col > .kadence-column28092_499fb2-8e:not(.specificity){margin-top:0px;margin-bottom:0px;}@media all and (max-width: 1024px){.kadence-column28092_499fb2-8e > .kt-inside-inner-col{padding-bottom:0px;flex-direction:column;justify-content:center;}}@media all and (max-width: 1024px){.kadence-column28092_499fb2-8e, .kt-inside-inner-col > .kadence-column28092_499fb2-8e:not(.specificity){margin-bottom:0px;}}@media all and (max-width: 767px){.kadence-column28092_499fb2-8e > .kt-inside-inner-col{flex-direction:column;justify-content:center;}}<\/style>\n<div class=\"wp-block-kadence-column kadence-column28092_499fb2-8e\"><div class=\"kt-inside-inner-col\"><style>.kb-google-maps-container28092_f73971-c2{height:700px;}<\/style><div class=\"kb-google-maps-container kb-google-maps-container28092_f73971-c2  wp-block-kadence-googlemaps\" data-mapid=\"28092_f73971c2\"><iframe width=\"100%\" height=\"100%\"\n\t\t\t\t\t\t\tstyle=\"border:0\" loading=\"lazy\"\n\t\t\t\t\t\t\tsrc=\"https:\/\/www.google.com\/maps\/embed\/v1\/place?key=AIzaSyBAM2o7PiQqwk15LC1XRH2e_KJ-jUa7KYk&#038;zoom=11&#038;maptype=roadmap&#038;q=Zhengshang+Jingkai+Plaza%2C+1507+Hanghai+E+Rd%2C+Guancheng+Hui+District%2C+Zhengzhou%2C+Henan%2C+China%2C+450016\"\n\t\t\t\t\t\t\ttitle=\"Mapa de Google de Zhengshang Jingkai Plaza, 1507 Hanghai E Rd, Guancheng Hui District, Zhengzhou, Henan, China, 450016\"><\/iframe><\/div><script>function kb_google_map28092_f73971c2() { let center = { lat: 37.8201, lng: -122.4781}; let map = new google.maps.Map(document.getElementById(\"kb-google-map28092_f73971c2\"), {\n\t\t\t\t\t    zoom: 11,\n\t\t\t\t\t    center: center,});let marker = new google.maps.Marker({   position: { lat: 37.8201, lng: -122.4781},    map: map,  });}<\/script><\/div><\/div>\n\n<\/div><\/div>","protected":false},"excerpt":{"rendered":"<p>CONT\u00c1CTENOS Siempre estamos disponibles Ya sea que su pregunta sea sobre preventa o posventa o consulta y cooperaci\u00f3n, puede contactarnos en cualquier momento y nuestro equipo de atenci\u00f3n al cliente le responder\u00e1 dentro de las 24 horas. Personas de todos los \u00e1mbitos de la vida son bienvenidas a visitar e inspeccionar. Nuestra direcci\u00f3n: Piso 6, Edificio 1,\u2026<\/p>","protected":false},"author":1,"featured_media":0,"parent":0,"menu_order":0,"comment_status":"closed","ping_status":"closed","template":"","meta":{"_kad_blocks_custom_css":"","_kad_blocks_head_custom_js":"","_kad_blocks_body_custom_js":"","_kad_blocks_footer_custom_js":"","_kadence_starter_templates_imported_post":false,"_kad_post_transparent":"","_kad_post_title":"hide","_kad_post_layout":"","_kad_post_sidebar_id":"","_kad_post_content_style":"","_kad_post_vertical_padding":"","_kad_post_feature":"","_kad_post_feature_position":"","_kad_post_header":false,"_kad_post_footer":false,"_kad_post_classname":"","footnotes":""},"class_list":["post-28092","page","type-page","status-publish","hentry"],"taxonomy_info":[],"featured_image_src_large":false,"author_info":{"display_name":"Taizy Machinery","author_link":"https:\/\/taizyfoodmachinery.com\/es\/author\/tzfoodmachine\/"},"comment_info":"","_links":{"self":[{"href":"https:\/\/taizyfoodmachinery.com\/es\/wp-json\/wp\/v2\/pages\/28092","targetHints":{"allow":["GET"]}}],"collection":[{"href":"https:\/\/taizyfoodmachinery.com\/es\/wp-json\/wp\/v2\/pages"}],"about":[{"href":"https:\/\/taizyfoodmachinery.com\/es\/wp-json\/wp\/v2\/types\/page"}],"author":[{"embeddable":true,"href":"https:\/\/taizyfoodmachinery.com\/es\/wp-json\/wp\/v2\/users\/1"}],"replies":[{"embeddable":true,"href":"https:\/\/taizyfoodmachinery.com\/es\/wp-json\/wp\/v2\/comments?post=28092"}],"version-history":[{"count":0,"href":"https:\/\/taizyfoodmachinery.com\/es\/wp-json\/wp\/v2\/pages\/28092\/revisions"}],"wp:attachment":[{"href":"https:\/\/taizyfoodmachinery.com\/es\/wp-json\/wp\/v2\/media?parent=28092"}],"curies":[{"name":"wp","href":"https:\/\/api.w.org\/{rel}","templated":true}]}}